{"id":863,"date":"2021-03-17T01:32:59","date_gmt":"2021-03-16T22:32:59","guid":{"rendered":"http:\/\/demo.kodatolyesi.com\/?page_id=863"},"modified":"2021-03-27T01:42:19","modified_gmt":"2021-03-26T22:42:19","slug":"yazilim-gelistirme","status":"publish","type":"page","link":"http:\/\/demo.kodatolyesi.com\/tr\/yazilim-gelistirme\/","title":{"rendered":"Yaz\u0131l\u0131m Geli\u015ftirme"},"content":{"rendered":"<div id='av_section_1'  class='avia-section main_color avia-section-default avia-no-border-styling  avia-bg-style-scroll  avia-builder-el-0  el_before_av_one_full  avia-builder-el-first   container_wrap sidebar_right' style='background-color: #1e1e1e;  '  ><div class='container' ><main  role=\"main\" itemprop=\"mainContentOfPage\"  class='template-page content  av-content-small alpha units'><div class='post-entry post-entry-type-page post-entry-863'><div class='entry-content-wrapper clearfix'>\n<div  style='padding-bottom:10px; color:#ffffff;' class='av-special-heading av-special-heading-h3 custom-color-heading   avia-builder-el-1  avia-builder-el-no-sibling  '><h3 class='av-special-heading-tag '  itemprop=\"headline\"  >Yaz\u0131l\u0131m Geli\u015ftirme<\/h3><div class='special-heading-border'><div class='special-heading-inner-border' style='border-color:#ffffff'><\/div><\/div><\/div>\n<\/div><\/div><\/main><!-- close content main element --><\/div><\/div><div id='after_section_1'  class='main_color av_default_container_wrap container_wrap sidebar_right' style=' '  ><div class='container' ><div class='template-page content  av-content-small alpha units'><div class='post-entry post-entry-type-page post-entry-863'><div class='entry-content-wrapper clearfix'><div class=\"flex_column av_one_full  flex_column_div av-zero-column-padding first  avia-builder-el-2  el_after_av_section  avia-builder-el-no-sibling  \" style='border-radius:0px; '><section class=\"av_textblock_section \"  itemscope=\"itemscope\" itemtype=\"https:\/\/schema.org\/CreativeWork\" ><div class='avia_textblock  '   itemprop=\"text\" ><p>Projeniz i\u00e7in do\u011fru kararlar\u0131 vermenize, sizin i\u00e7in en uygun sistemi bulmaya (Linux&amp;Windows) ve geli\u015ftirmenize yard\u0131mc\u0131 olmak i\u00e7in buraday\u0131z.<\/p>\n<ul>\n<li>ARM, Linux ve FPGA<\/li>\n<li>Linux Sunucu ve Uygulama Geli\u015ftirme<\/li>\n<li>Masa\u00fcst\u00fc ve Sunucu Yaz\u0131l\u0131m Entegrasyonu<\/li>\n<li>Ger\u00e7ek Zamanl\u0131 Linux Uygulamalar\u0131<\/li>\n<li>C \/ C ++<\/li>\n<\/ul>\n<\/div><\/section><\/div><\/p>\n","protected":false},"excerpt":{"rendered":"","protected":false},"author":1,"featured_media":0,"parent":0,"menu_order":0,"comment_status":"closed","ping_status":"closed","template":"","meta":[],"yoast_head":"<!-- This site is optimized with the Yoast SEO plugin v16.0.2 - https:\/\/yoast.com\/wordpress\/plugins\/seo\/ -->\n<title>Yaz\u0131l\u0131m Geli\u015ftirme - Yalabik Engineering<\/title>\n<meta property=\"og:locale\" content=\"tr_TR\" \/>\n<meta property=\"og:type\" content=\"article\" \/>\n<meta property=\"og:title\" content=\"Yaz\u0131l\u0131m Geli\u015ftirme - Yalabik Engineering\" \/>\n<meta property=\"og:url\" content=\"http:\/\/demo.kodatolyesi.com\/tr\/yazilim-gelistirme\/\" \/>\n<meta property=\"og:site_name\" content=\"Yalabik Engineering\" \/>\n<meta property=\"article:modified_time\" content=\"2021-03-26T22:42:19+00:00\" \/>\n<meta name=\"twitter:card\" content=\"summary_large_image\" \/>\n<meta name=\"twitter:label1\" content=\"Tahmini okuma s\u00fcresi\">\n\t<meta name=\"twitter:data1\" content=\"2 dakika\">\n<script type=\"application\/ld+json\" class=\"yoast-schema-graph\">{\"@context\":\"https:\/\/schema.org\",\"@graph\":[{\"@type\":\"WebSite\",\"@id\":\"http:\/\/demo.kodatolyesi.com\/#website\",\"url\":\"http:\/\/demo.kodatolyesi.com\/\",\"name\":\"Yalabik Engineering\",\"description\":\"\",\"potentialAction\":[{\"@type\":\"SearchAction\",\"target\":\"http:\/\/demo.kodatolyesi.com\/?s={search_term_string}\",\"query-input\":\"required name=search_term_string\"}],\"inLanguage\":\"tr\"},{\"@type\":\"WebPage\",\"@id\":\"http:\/\/demo.kodatolyesi.com\/tr\/yazilim-gelistirme\/#webpage\",\"url\":\"http:\/\/demo.kodatolyesi.com\/tr\/yazilim-gelistirme\/\",\"name\":\"Yaz\\u0131l\\u0131m Geli\\u015ftirme - Yalabik Engineering\",\"isPartOf\":{\"@id\":\"http:\/\/demo.kodatolyesi.com\/#website\"},\"datePublished\":\"2021-03-16T22:32:59+00:00\",\"dateModified\":\"2021-03-26T22:42:19+00:00\",\"breadcrumb\":{\"@id\":\"http:\/\/demo.kodatolyesi.com\/tr\/yazilim-gelistirme\/#breadcrumb\"},\"inLanguage\":\"tr\",\"potentialAction\":[{\"@type\":\"ReadAction\",\"target\":[\"http:\/\/demo.kodatolyesi.com\/tr\/yazilim-gelistirme\/\"]}]},{\"@type\":\"BreadcrumbList\",\"@id\":\"http:\/\/demo.kodatolyesi.com\/tr\/yazilim-gelistirme\/#breadcrumb\",\"itemListElement\":[{\"@type\":\"ListItem\",\"position\":1,\"item\":{\"@type\":\"WebPage\",\"@id\":\"http:\/\/demo.kodatolyesi.com\/tr\/\",\"url\":\"http:\/\/demo.kodatolyesi.com\/tr\/\",\"name\":\"Home\"}},{\"@type\":\"ListItem\",\"position\":2,\"item\":{\"@type\":\"WebPage\",\"@id\":\"http:\/\/demo.kodatolyesi.com\/tr\/yazilim-gelistirme\/\",\"url\":\"http:\/\/demo.kodatolyesi.com\/tr\/yazilim-gelistirme\/\",\"name\":\"Yaz\\u0131l\\u0131m Geli\\u015ftirme\"}}]}]}<\/script>\n<!-- \/ Yoast SEO plugin. -->","_links":{"self":[{"href":"http:\/\/demo.kodatolyesi.com\/tr\/wp-json\/wp\/v2\/pages\/863"}],"collection":[{"href":"http:\/\/demo.kodatolyesi.com\/tr\/wp-json\/wp\/v2\/pages"}],"about":[{"href":"http:\/\/demo.kodatolyesi.com\/tr\/wp-json\/wp\/v2\/types\/page"}],"author":[{"embeddable":true,"href":"http:\/\/demo.kodatolyesi.com\/tr\/wp-json\/wp\/v2\/users\/1"}],"replies":[{"embeddable":true,"href":"http:\/\/demo.kodatolyesi.com\/tr\/wp-json\/wp\/v2\/comments?post=863"}],"version-history":[{"count":9,"href":"http:\/\/demo.kodatolyesi.com\/tr\/wp-json\/wp\/v2\/pages\/863\/revisions"}],"predecessor-version":[{"id":1021,"href":"http:\/\/demo.kodatolyesi.com\/tr\/wp-json\/wp\/v2\/pages\/863\/revisions\/1021"}],"wp:attachment":[{"href":"http:\/\/demo.kodatolyesi.com\/tr\/wp-json\/wp\/v2\/media?parent=863"}],"curies":[{"name":"wp","href":"https:\/\/api.w.org\/{rel}","templated":true}]}}