{"id":865,"date":"2021-03-17T01:33:34","date_gmt":"2021-03-16T22:33:34","guid":{"rendered":"http:\/\/demo.kodatolyesi.com\/?page_id=865"},"modified":"2021-03-27T01:30:25","modified_gmt":"2021-03-26T22:30:25","slug":"elektronik-tasarim","status":"publish","type":"page","link":"http:\/\/demo.kodatolyesi.com\/tr\/elektronik-tasarim\/","title":{"rendered":"Elektronik Tasar\u0131m"},"content":{"rendered":"<div id='av_section_1'  class='avia-section main_color avia-section-default avia-no-border-styling  avia-bg-style-scroll  avia-builder-el-0  el_before_av_one_full  avia-builder-el-first   container_wrap sidebar_right' style='background-color: #1e1e1e;  '  ><div class='container' ><main  role=\"main\" itemprop=\"mainContentOfPage\"  class='template-page content  av-content-small alpha units'><div class='post-entry post-entry-type-page post-entry-865'><div class='entry-content-wrapper clearfix'>\n<div  style='padding-bottom:10px; color:#ffffff;' class='av-special-heading av-special-heading-h3 custom-color-heading   avia-builder-el-1  avia-builder-el-no-sibling  '><h3 class='av-special-heading-tag '  itemprop=\"headline\"  >Elektronik Tasar\u0131m<\/h3><div class='special-heading-border'><div class='special-heading-inner-border' style='border-color:#ffffff'><\/div><\/div><\/div>\n<\/div><\/div><\/main><!-- close content main element --><\/div><\/div><div id='after_section_1'  class='main_color av_default_container_wrap container_wrap sidebar_right' style=' '  ><div class='container' ><div class='template-page content  av-content-small alpha units'><div class='post-entry post-entry-type-page post-entry-865'><div class='entry-content-wrapper clearfix'><div class=\"flex_column av_one_full  flex_column_div av-zero-column-padding first  avia-builder-el-2  el_after_av_section  avia-builder-el-no-sibling  \" style='border-radius:0px; '><section class=\"av_textblock_section \"  itemscope=\"itemscope\" itemtype=\"https:\/\/schema.org\/CreativeWork\" ><div class='avia_textblock  '   itemprop=\"text\" ><p>Geli\u015ftirilmesi gereken harika bir fikriniz mi var? \u0130yile\u015ftirilmesi gereken mevcut bir PCB tasar\u0131m\u0131? Ya da donan\u0131m tasar\u0131m hizmeti mi ar\u0131yorsunuz? Elektronik tasar\u0131m m\u00fchendislerinden olu\u015fan ekibimiz, ihtiya\u00e7lar\u0131n\u0131z\u0131 kar\u015f\u0131lamak i\u00e7in tam da bu noktada devreye giriyor. Ekibimiz bir\u00e7ok geli\u015ftirme projesini ba\u015far\u0131yla tamamlad\u0131. Bu nedenle, sizin i\u00e7in gerekli olacak en iyi; malzemeleri, bile\u015fenleri ve s\u00fcreci h\u0131zland\u0131racak tedarik\u00e7ileri nas\u0131l bulaca\u011f\u0131m\u0131z\u0131 biliyoruz.<\/p>\n<ul>\n<li>Askeri Elektronik Kart &amp; Cihaz Tasar\u0131m\u0131 ve Geli\u015ftirme Hizmetleri<\/li>\n<li>PCB Tasar\u0131m\u0131<\/li>\n<li>MIL-STD-461, MIL-STD-810 Standartlar\u0131na Uygun Tasar\u0131m Hizmetleri<\/li>\n<li>Mikroi\u015flemciler ve Mikrodenetleyiciler<\/li>\n<li>Prototip, Sim\u00fclasyon ve Test<\/li>\n<li>Tam veya Yar\u0131 Otomatik Test Ekipman\u0131 Tasar\u0131m\u0131<\/li>\n<li>Dijital ve Analog Kar\u0131\u015f\u0131k Tasar\u0131m<\/li>\n<li>EMI \/ EMC Duyarl\u0131 \u00c7\u00f6z\u00fcmler<\/li>\n<\/ul>\n<\/div><\/section><\/div><\/p>\n","protected":false},"excerpt":{"rendered":"","protected":false},"author":1,"featured_media":0,"parent":0,"menu_order":0,"comment_status":"closed","ping_status":"closed","template":"","meta":[],"yoast_head":"<!-- This site is optimized with the Yoast SEO plugin v16.0.2 - https:\/\/yoast.com\/wordpress\/plugins\/seo\/ -->\n<title>Elektronik Tasar\u0131m - Yalabik Engineering<\/title>\n<meta property=\"og:locale\" content=\"tr_TR\" \/>\n<meta property=\"og:type\" content=\"article\" \/>\n<meta property=\"og:title\" content=\"Elektronik Tasar\u0131m - Yalabik Engineering\" \/>\n<meta property=\"og:url\" content=\"http:\/\/demo.kodatolyesi.com\/tr\/elektronik-tasarim\/\" \/>\n<meta property=\"og:site_name\" content=\"Yalabik Engineering\" \/>\n<meta property=\"article:modified_time\" content=\"2021-03-26T22:30:25+00:00\" \/>\n<meta name=\"twitter:card\" content=\"summary_large_image\" \/>\n<meta name=\"twitter:label1\" content=\"Tahmini okuma s\u00fcresi\">\n\t<meta name=\"twitter:data1\" content=\"3 dakika\">\n<script type=\"application\/ld+json\" class=\"yoast-schema-graph\">{\"@context\":\"https:\/\/schema.org\",\"@graph\":[{\"@type\":\"WebSite\",\"@id\":\"http:\/\/demo.kodatolyesi.com\/#website\",\"url\":\"http:\/\/demo.kodatolyesi.com\/\",\"name\":\"Yalabik Engineering\",\"description\":\"\",\"potentialAction\":[{\"@type\":\"SearchAction\",\"target\":\"http:\/\/demo.kodatolyesi.com\/?s={search_term_string}\",\"query-input\":\"required name=search_term_string\"}],\"inLanguage\":\"tr\"},{\"@type\":\"WebPage\",\"@id\":\"http:\/\/demo.kodatolyesi.com\/tr\/elektronik-tasarim\/#webpage\",\"url\":\"http:\/\/demo.kodatolyesi.com\/tr\/elektronik-tasarim\/\",\"name\":\"Elektronik Tasar\\u0131m - Yalabik Engineering\",\"isPartOf\":{\"@id\":\"http:\/\/demo.kodatolyesi.com\/#website\"},\"datePublished\":\"2021-03-16T22:33:34+00:00\",\"dateModified\":\"2021-03-26T22:30:25+00:00\",\"breadcrumb\":{\"@id\":\"http:\/\/demo.kodatolyesi.com\/tr\/elektronik-tasarim\/#breadcrumb\"},\"inLanguage\":\"tr\",\"potentialAction\":[{\"@type\":\"ReadAction\",\"target\":[\"http:\/\/demo.kodatolyesi.com\/tr\/elektronik-tasarim\/\"]}]},{\"@type\":\"BreadcrumbList\",\"@id\":\"http:\/\/demo.kodatolyesi.com\/tr\/elektronik-tasarim\/#breadcrumb\",\"itemListElement\":[{\"@type\":\"ListItem\",\"position\":1,\"item\":{\"@type\":\"WebPage\",\"@id\":\"http:\/\/demo.kodatolyesi.com\/tr\/\",\"url\":\"http:\/\/demo.kodatolyesi.com\/tr\/\",\"name\":\"Home\"}},{\"@type\":\"ListItem\",\"position\":2,\"item\":{\"@type\":\"WebPage\",\"@id\":\"http:\/\/demo.kodatolyesi.com\/tr\/elektronik-tasarim\/\",\"url\":\"http:\/\/demo.kodatolyesi.com\/tr\/elektronik-tasarim\/\",\"name\":\"Elektronik Tasar\\u0131m\"}}]}]}<\/script>\n<!-- \/ Yoast SEO plugin. -->","_links":{"self":[{"href":"http:\/\/demo.kodatolyesi.com\/tr\/wp-json\/wp\/v2\/pages\/865"}],"collection":[{"href":"http:\/\/demo.kodatolyesi.com\/tr\/wp-json\/wp\/v2\/pages"}],"about":[{"href":"http:\/\/demo.kodatolyesi.com\/tr\/wp-json\/wp\/v2\/types\/page"}],"author":[{"embeddable":true,"href":"http:\/\/demo.kodatolyesi.com\/tr\/wp-json\/wp\/v2\/users\/1"}],"replies":[{"embeddable":true,"href":"http:\/\/demo.kodatolyesi.com\/tr\/wp-json\/wp\/v2\/comments?post=865"}],"version-history":[{"count":4,"href":"http:\/\/demo.kodatolyesi.com\/tr\/wp-json\/wp\/v2\/pages\/865\/revisions"}],"predecessor-version":[{"id":1011,"href":"http:\/\/demo.kodatolyesi.com\/tr\/wp-json\/wp\/v2\/pages\/865\/revisions\/1011"}],"wp:attachment":[{"href":"http:\/\/demo.kodatolyesi.com\/tr\/wp-json\/wp\/v2\/media?parent=865"}],"curies":[{"name":"wp","href":"https:\/\/api.w.org\/{rel}","templated":true}]}}