{"id":867,"date":"2021-03-17T01:33:52","date_gmt":"2021-03-16T22:33:52","guid":{"rendered":"http:\/\/demo.kodatolyesi.com\/?page_id=867"},"modified":"2021-03-27T01:40:46","modified_gmt":"2021-03-26T22:40:46","slug":"mekanik-ve-termal-tasarim","status":"publish","type":"page","link":"http:\/\/demo.kodatolyesi.com\/tr\/mekanik-ve-termal-tasarim\/","title":{"rendered":"Mekanik ve Termal Tasar\u0131m"},"content":{"rendered":"<div id='av_section_1'  class='avia-section main_color avia-section-default avia-no-border-styling  avia-bg-style-scroll  avia-builder-el-0  el_before_av_one_full  avia-builder-el-first   container_wrap sidebar_right' style='background-color: #1e1e1e;  '  ><div class='container' ><main  role=\"main\" itemprop=\"mainContentOfPage\"  class='template-page content  av-content-small alpha units'><div class='post-entry post-entry-type-page post-entry-867'><div class='entry-content-wrapper clearfix'>\n<div  style='padding-bottom:10px; color:#ffffff;' class='av-special-heading av-special-heading-h3 custom-color-heading   avia-builder-el-1  avia-builder-el-no-sibling  '><h3 class='av-special-heading-tag '  itemprop=\"headline\"  >Mekanik ve Termal Tasar\u0131m<\/h3><div class='special-heading-border'><div class='special-heading-inner-border' style='border-color:#ffffff'><\/div><\/div><\/div>\n<\/div><\/div><\/main><!-- close content main element --><\/div><\/div><div id='after_section_1'  class='main_color av_default_container_wrap container_wrap sidebar_right' style=' '  ><div class='container' ><div class='template-page content  av-content-small alpha units'><div class='post-entry post-entry-type-page post-entry-867'><div class='entry-content-wrapper clearfix'><div class=\"flex_column av_one_full  flex_column_div av-zero-column-padding first  avia-builder-el-2  el_after_av_section  avia-builder-el-no-sibling  \" style='border-radius:0px; '><section class=\"av_textblock_section \"  itemscope=\"itemscope\" itemtype=\"https:\/\/schema.org\/CreativeWork\" ><div class='avia_textblock  '   itemprop=\"text\" ><p>Projelerin; \u00fcr\u00fcnlerini ve geli\u015ftirme a\u015famalar\u0131n\u0131 tasarl\u0131yor , a\u015fa\u011f\u0131daki alanlarda y\u00fcksek katma de\u011ferli \u00e7\u00f6z\u00fcmler sa\u011fl\u0131yoruz.<\/p>\n<ul>\n<li>Mekanik Tasar\u0131m<\/li>\n<li>Mekanik Analiz (FEA)<\/li>\n<li>Termal Analiz (CFD)<\/li>\n<li>Sa\u011flam Raf \u00c7\u00f6z\u00fcmleri<\/li>\n<li>Termal \u00c7\u00f6z\u00fcmler<\/li>\n<li>Hava Ak\u0131\u015f\u0131 \/ S\u0131cakl\u0131k Testi<\/li>\n<li>Mekanik Testler<\/li>\n<li>\u00c7evresel Testler<\/li>\n<\/ul>\n<\/div><\/section><\/div><\/p>\n","protected":false},"excerpt":{"rendered":"","protected":false},"author":1,"featured_media":0,"parent":0,"menu_order":0,"comment_status":"closed","ping_status":"closed","template":"","meta":[],"yoast_head":"<!-- This site is optimized with the Yoast SEO plugin v16.0.2 - https:\/\/yoast.com\/wordpress\/plugins\/seo\/ -->\n<title>Mekanik ve Termal Tasar\u0131m - Yalabik Engineering<\/title>\n<meta property=\"og:locale\" content=\"tr_TR\" \/>\n<meta property=\"og:type\" content=\"article\" \/>\n<meta property=\"og:title\" content=\"Mekanik ve Termal Tasar\u0131m - Yalabik Engineering\" \/>\n<meta property=\"og:url\" content=\"http:\/\/demo.kodatolyesi.com\/tr\/mekanik-ve-termal-tasarim\/\" \/>\n<meta property=\"og:site_name\" content=\"Yalabik Engineering\" \/>\n<meta property=\"article:modified_time\" content=\"2021-03-26T22:40:46+00:00\" \/>\n<meta name=\"twitter:card\" content=\"summary_large_image\" \/>\n<meta name=\"twitter:label1\" content=\"Tahmini okuma s\u00fcresi\">\n\t<meta name=\"twitter:data1\" content=\"2 dakika\">\n<script type=\"application\/ld+json\" class=\"yoast-schema-graph\">{\"@context\":\"https:\/\/schema.org\",\"@graph\":[{\"@type\":\"WebSite\",\"@id\":\"http:\/\/demo.kodatolyesi.com\/#website\",\"url\":\"http:\/\/demo.kodatolyesi.com\/\",\"name\":\"Yalabik Engineering\",\"description\":\"\",\"potentialAction\":[{\"@type\":\"SearchAction\",\"target\":\"http:\/\/demo.kodatolyesi.com\/?s={search_term_string}\",\"query-input\":\"required name=search_term_string\"}],\"inLanguage\":\"tr\"},{\"@type\":\"WebPage\",\"@id\":\"http:\/\/demo.kodatolyesi.com\/tr\/mekanik-ve-termal-tasarim\/#webpage\",\"url\":\"http:\/\/demo.kodatolyesi.com\/tr\/mekanik-ve-termal-tasarim\/\",\"name\":\"Mekanik ve Termal Tasar\\u0131m - Yalabik Engineering\",\"isPartOf\":{\"@id\":\"http:\/\/demo.kodatolyesi.com\/#website\"},\"datePublished\":\"2021-03-16T22:33:52+00:00\",\"dateModified\":\"2021-03-26T22:40:46+00:00\",\"breadcrumb\":{\"@id\":\"http:\/\/demo.kodatolyesi.com\/tr\/mekanik-ve-termal-tasarim\/#breadcrumb\"},\"inLanguage\":\"tr\",\"potentialAction\":[{\"@type\":\"ReadAction\",\"target\":[\"http:\/\/demo.kodatolyesi.com\/tr\/mekanik-ve-termal-tasarim\/\"]}]},{\"@type\":\"BreadcrumbList\",\"@id\":\"http:\/\/demo.kodatolyesi.com\/tr\/mekanik-ve-termal-tasarim\/#breadcrumb\",\"itemListElement\":[{\"@type\":\"ListItem\",\"position\":1,\"item\":{\"@type\":\"WebPage\",\"@id\":\"http:\/\/demo.kodatolyesi.com\/tr\/\",\"url\":\"http:\/\/demo.kodatolyesi.com\/tr\/\",\"name\":\"Home\"}},{\"@type\":\"ListItem\",\"position\":2,\"item\":{\"@type\":\"WebPage\",\"@id\":\"http:\/\/demo.kodatolyesi.com\/tr\/mekanik-ve-termal-tasarim\/\",\"url\":\"http:\/\/demo.kodatolyesi.com\/tr\/mekanik-ve-termal-tasarim\/\",\"name\":\"Mekanik ve Termal Tasar\\u0131m\"}}]}]}<\/script>\n<!-- \/ Yoast SEO plugin. -->","_links":{"self":[{"href":"http:\/\/demo.kodatolyesi.com\/tr\/wp-json\/wp\/v2\/pages\/867"}],"collection":[{"href":"http:\/\/demo.kodatolyesi.com\/tr\/wp-json\/wp\/v2\/pages"}],"about":[{"href":"http:\/\/demo.kodatolyesi.com\/tr\/wp-json\/wp\/v2\/types\/page"}],"author":[{"embeddable":true,"href":"http:\/\/demo.kodatolyesi.com\/tr\/wp-json\/wp\/v2\/users\/1"}],"replies":[{"embeddable":true,"href":"http:\/\/demo.kodatolyesi.com\/tr\/wp-json\/wp\/v2\/comments?post=867"}],"version-history":[{"count":5,"href":"http:\/\/demo.kodatolyesi.com\/tr\/wp-json\/wp\/v2\/pages\/867\/revisions"}],"predecessor-version":[{"id":1019,"href":"http:\/\/demo.kodatolyesi.com\/tr\/wp-json\/wp\/v2\/pages\/867\/revisions\/1019"}],"wp:attachment":[{"href":"http:\/\/demo.kodatolyesi.com\/tr\/wp-json\/wp\/v2\/media?parent=867"}],"curies":[{"name":"wp","href":"https:\/\/api.w.org\/{rel}","templated":true}]}}